{"id":1988,"date":"2024-10-17T09:02:25","date_gmt":"2024-10-17T09:02:25","guid":{"rendered":"https:\/\/diselenergy.com\/cookies\/"},"modified":"2024-12-19T15:42:42","modified_gmt":"2024-12-19T15:42:42","slug":"cookies","status":"publish","type":"page","link":"https:\/\/diselenergy.com\/ca\/cookies\/","title":{"rendered":"Cookies"},"content":{"rendered":"\t\t<div data-elementor-type=\"wp-page\" data-elementor-id=\"1988\" class=\"elementor elementor-1988 elementor-915\" data-elementor-post-type=\"page\">\n\t\t\t\t<div class=\"elementor-element elementor-element-b2953b5 e-con-full e-flex e-con e-parent\" data-id=\"b2953b5\" data-element_type=\"container\" data-settings=\"{&quot;background_background&quot;:&quot;video&quot;,&quot;background_video_link&quot;:&quot;https:\\\/\\\/videos.pexels.com\\\/video-files\\\/9790072\\\/9790072-uhd_2560_1440_30fps.mp4&quot;,&quot;background_play_on_mobile&quot;:&quot;yes&quot;}\">\n\t\t<div class=\"elementor-background-video-container\">\n\t\t\t\t\t\t\t<video class=\"elementor-background-video-hosted\" autoplay muted playsinline loop><\/video>\n\t\t\t\t\t<\/div><div class=\"elementor-element elementor-element-6a4f612 e-flex e-con-boxed e-con e-child\" data-id=\"6a4f612\" data-element_type=\"container\">\n\t\t\t\t\t<div class=\"e-con-inner\">\n\t\t\t\t<div class=\"elementor-element elementor-element-afe9fb7 elementor-widget elementor-widget-heading\" data-id=\"afe9fb7\" data-element_type=\"widget\" data-widget_type=\"heading.default\">\n\t\t\t\t<div class=\"elementor-widget-container\">\n\t\t\t\t\t<h2 class=\"elementor-heading-title elementor-size-default\">Pol\u00edtica de cookies<\/h2>\t\t\t\t<\/div>\n\t\t\t\t<\/div>\n\t\t\t\t\t<\/div>\n\t\t\t\t<\/div>\n\t\t\t\t<\/div>\n\t\t<div class=\"elementor-element elementor-element-45524a4 e-con-full e-flex e-con e-parent\" data-id=\"45524a4\" data-element_type=\"container\" data-settings=\"{&quot;background_background&quot;:&quot;classic&quot;}\">\n\t\t<div class=\"elementor-element elementor-element-0c9015b e-con-full e-flex e-con e-child\" data-id=\"0c9015b\" data-element_type=\"container\" data-settings=\"{&quot;background_background&quot;:&quot;classic&quot;}\">\n\t\t\t\t<div class=\"elementor-element elementor-element-a5090a7 elementor-widget__width-inherit elementor-widget elementor-widget-text-editor\" data-id=\"a5090a7\" data-element_type=\"widget\" data-widget_type=\"text-editor.default\">\n\t\t\t\t<div class=\"elementor-widget-container\">\n\t\t\t\t\t\t\t\t\t<div style=\"margin-bottom: 40px;\">\n<h2>1.INTRODUCCI\u00d3N<\/h2>\n<p>El sitio web de diselenergy.com utiliza cookies propias y de terceros. Una cookie es un archivo que se descarga en el su ordenador al acceder a determinadas p\u00e1ginas web. Las cookies permiten a una p\u00e1gina web, entre otros fines, asegurar el correcto funcionamiento de la p\u00e1gina, permitir al Usuario un acceso m\u00e1s r\u00e1pido a los servicios seleccionados, almacenar y recuperar informaci\u00f3n sobre los h\u00e1bitos de navegaci\u00f3n de un usuario o equipo y incluso, dependiendo de la informaci\u00f3n que contengan y de la forma en que utilice su equipo, se pueden utilizar para reconocer al usuario.  <br \/>Las cookies se asocian \u00fanicamente a un usuario an\u00f3nimo y su ordenador o dispositivo y no proporcionan referencias que permitan conocer sus datos personales, salvo permiso expreso de aqu\u00e9l.<br \/>El usuario puede, en todo momento, aceptar o rechazar las cookies instaladas que no sean estrictamente necesarias para el correcto funcionamiento de la web y el acceso al Usuario a sus servicios, a trav\u00e9s del panel de ajuste de cookies proporcionado en nuestra web. Asimismo, podr\u00e1 configurar su navegador en todo momento sin que esto perjudique la posibilidad del Usuario de acceder a los contenidos. Sin embargo, le informamos que el rechazo de las cookies puede disminuir el buen funcionamiento de la web.  <\/p>\n<\/div>\n<div style=\"margin-bottom: 40px;\">\n<h2>2. COOKIES AFECTADAS POR LA NORMATIVA Y COOKIES EXENTAS<\/h2>\n<p>Seg\u00fan la directiva de la UE, las cookies que requieren el consentimiento informado por parte del usuario son las cookies de anal\u00edtica, las de publicidad y afiliaci\u00f3n, quedando exceptuadas las de car\u00e1cter t\u00e9cnico y las necesarias para el funcionamiento del sitio web o la prestaci\u00f3n de servicios expresamente demandados por el usuario.<\/p>\n<\/div>\n<div style=\"margin-bottom: 40px;\">\n<h2>3. TIPO DE COOKIES<\/h2>\n<p>a) Seg\u00fan la entidad que las gestione, existen Cookies propias (aquellas que se env\u00edan al equipo terminal de el usuario desde un equipo o dominio gestionado por el propio editor y desde el que se presta el servicio solicitado por el usuario) y de terceros (las que se env\u00edan al equipo terminal del usuario desde un equipo o dominio que no es gestionado por el editor, sino por otra entidad que trata los datos obtenidos mediante las cookies).<br \/>b) Seg\u00fan el tiempo que permanecen activas, est\u00e1n las de sesi\u00f3n (dise\u00f1adas para pedir y almacenar datos mientras el usuario accede a una p\u00e1gina web) y las persistentes (en las que los datos se almacenan en el terminal y pueden ser accedidos y tratados durante un per\u00edodo definido por el responsable de la cookie -puede ir de unos minutos a varios a\u00f1os).<br \/>c) Seg\u00fan la finalidad para la que tratan la informaci\u00f3n que recopilan, pueden ser:<br \/>&#8211; Cookies t\u00e9cnicas (necesarias para el uso de la web y la prestaci\u00f3n del servicio contratado),<br \/>\u2013 Cookies de personalizaci\u00f3n (que permiten al usuario acceder al servicio con caracter\u00edsticas predefinidas, como ahora el idioma, tipos de navegador, configuraci\u00f3n regional, etc.)<br \/>\u2013 Cookies de an\u00e1lisis (recogen informaci\u00f3n del uso que se realiza de la web),<br \/>\u2013 Cookies publicitarias (recogen informaci\u00f3n sobre las preferencias y elecciones personales de los usuarios),<br \/>\u2013 Cookies de afiliados (permiten realizar un seguimiento de las visitas procedentes de otras webs, con las que el sitio web establece un contrato de afiliaci\u00f3n).<\/p>\n<\/div>\n<div style=\"margin-bottom: 40px;\">\n<h2>4. TIPO DE COOKIES UTILIZADAS PARA ESTE SITIO WEB<\/h2>\n<p>Mientras navega por nuestra web, pueden almacenarse en su navegador las cookies de nuestras redes sociales. A continuaci\u00f3n, le indicamos los enlaces sobre las cookies de las redes sociales que utilizamos en esta web: <\/p>\n<ul>\n<li>Cookies de Facebook, ver m\u00e1s informaci\u00f3n en su <a href=\"https:\/\/es-es.facebook.com\/privacy\/policies\/cookies\">pol\u00edtica de cookies<\/a><\/li>\n<li>Cookies de Twitter, ver m\u00e1s informaci\u00f3n en su <a href=\"https:\/\/help.twitter.com\/es\/rules-and-policies\/x-cookies\">pol\u00edtica de cookies<\/a><\/li>\n<li>Cookies de Instagram, ver m\u00e1s informaci\u00f3n en su <a href=\"https:\/\/privacycenter.instagram.com\/policies\/cookies\">pol\u00edtica de cookies<\/a><\/li>\n<li>Cookies de Linkedin, ver m\u00e1s informaci\u00f3n en su <a href=\"https:\/\/www.linkedin.com\/legal\/cookie-policy\">pol\u00edtica de cookies<\/a><\/li>\n<li>Cookies de Pinterest, ver m\u00e1s informaci\u00f3n en su <a href=\"https:\/\/policy.pinterest.com\/es\/cookies\">pol\u00edtica de cookies<\/a><\/li>\n<li>Cookies de Youtube, ver m\u00e1s informaci\u00f3n en su <a href=\"https:\/\/policies.google.com\/technologies\/cookies?hl=es\">pol\u00edtica de cookies<\/a><\/li>\n<\/ul>\n<h3>WordPress<\/h3>\n<table style=\"overflow-x: auto;\" border=\"\\\">\n<tbody>\n<tr>\n<td>Nombre<\/td>\n<td>Caducidad<\/td>\n<td>Funci\u00f3n<\/td>\n<\/tr>\n<tr>\n<td>wp-settings-time-*<\/td>\n<td>1 A\u00f1o<\/td>\n<td>para almacenar las preferencias del usuario.<\/td>\n<\/tr>\n<tr>\n<td>wordpress-logged_in_*<\/td>\n<td>1 A\u00f1o<\/td>\n<td>para almacenar usuarios registrados.<\/td>\n<\/tr>\n<tr>\n<td>twk_uuid_*<\/td>\n<td>6 Meses<\/td>\n<td>con funcionalidad desconocida.<\/td>\n<\/tr>\n<tr>\n<td>wp-settings-*<\/td>\n<td>1 A\u00f1o<\/td>\n<td>para almacenar las preferencias del usuario.<\/td>\n<\/tr>\n<tr>\n<td>wordpress-sec_*<\/td>\n<td>15 d\u00edas<\/td>\n<td>para brindar protecci\u00f3n contra piratas inform\u00e1ticos, almacene los detalles de la cuenta.<\/td>\n<\/tr>\n<tr>\n<td>wordpress-test-cookie<\/td>\n<td>Session<\/td>\n<td>para leer si se pueden colocar cookies.<\/td>\n<\/tr>\n<tr>\n<td>wp-settings-time-1<\/td>\n<td>1A\u00f1o<\/td>\n<td>para almacenar las preferencias del usuario.<\/td>\n<\/tr>\n<tr>\n<td>wp-settings-time-1<\/td>\n<td>1A\u00f1o<\/td>\n<td>para almacenar las preferencias del usuario.<\/td>\n<\/tr>\n<\/tbody>\n<\/table>\n<h3>PHP<\/h3>\n<table style=\"overflow-x: auto;\" border=\"\\\">\n<tbody>\n<tr>\n<td>Nombre<\/td>\n<td>Caducidad<\/td>\n<td>Funci\u00f3n<\/td>\n<\/tr>\n<tr>\n<td>PHPSESSID<\/td>\n<td>Session<\/td>\n<td>para proporcionar funciones en todas las p\u00e1ginas.<\/td>\n<\/tr>\n<\/tbody>\n<\/table>\n<h3>WPML<\/h3>\n<table style=\"overflow-x: auto;\" border=\"\\\">\n<tbody>\n<tr>\n<td>Nombre<\/td>\n<td>Caducidad<\/td>\n<td>Funci\u00f3n<\/td>\n<\/tr>\n<tr>\n<td>wp-wpml-current-admin-language_*<\/td>\n<td>1 A\u00f1o<\/td>\n<td>para almacenar la configuraci\u00f3n de idioma.<\/td>\n<\/tr>\n<tr>\n<td>wp-wpml-current-language<\/td>\n<td>1 D\u00eda<\/td>\n<td>para almacenar las preferencias del usuario.<\/td>\n<\/tr>\n<\/tbody>\n<\/table>\n<h3>Google<\/h3>\n<table style=\"overflow-x: auto;\" border=\"\\\">\n<tbody>\n<tr>\n<td>Nombre<\/td>\n<td>Caducidad<\/td>\n<td>Funci\u00f3n<\/td>\n<\/tr>\n<tr>\n<td>__Secure-ENID<\/td>\n<td>1 A\u00f1o<\/td>\n<td>Se utiliza para almacenar preferencias e informaci\u00f3n del usuario, como preferencias de idioma.<\/td>\n<\/tr>\n<tr>\n<td>__Secure-3PSIDTS<\/td>\n<td>1 A\u00f1o<\/td>\n<td>cookie persistente segura de servicios de Google<\/td>\n<\/tr>\n<tr>\n<td>__Secure-3PSIDCC<\/td>\n<td>1 A\u00f1o <br \/>y 1 Mes<\/td>\n<td>Se utiliza para ofrecer anuncios m\u00e1s relevantes para usted y sus intereses.<\/td>\n<\/tr>\n<tr>\n<td>__Secure-3PSID<\/td>\n<td>1 A\u00f1o y 1 Mes<\/td>\n<td>Se utiliza para ofrecer anuncios m\u00e1s <br \/>relevantes para usted y sus intereses.<\/td>\n<\/tr>\n<tr>\n<td>__Secure-3PAPISID<\/td>\n<td>1 A\u00f1o<\/td>\n<td>Se utiliza para ofrecer anuncios m\u00e1s relevantes para usted y sus intereses.<\/td>\n<\/tr>\n<tr>\n<td>__Secure-1PSIDTS<\/td>\n<td>1 A\u00f1o<\/td>\n<td>Se utiliza para almacenar preferencias e informaci\u00f3n <br \/>del usuario al visualizar p\u00e1ginas con<br \/>mapas de Google<\/td>\n<\/tr>\n<tr>\n<td>__Secure-1PSIDCC<\/td>\n<td>1 A\u00f1o<\/td>\n<td>Se utiliza para ofrecer anuncios m\u00e1s relevantes para usted y sus intereses.<\/td>\n<\/tr>\n<tr>\n<td>__Secure-1PSID<\/td>\n<td>1 A\u00f1o y 1Mes<\/td>\n<td>Se utiliza para almacenar preferencias e <br \/>informaci\u00f3n del usuario al visualizar p\u00e1ginas con<br \/>mapas de Google.<\/td>\n<\/tr>\n<tr>\n<td>__Secure-1PAPISID<\/td>\n<td>1 A\u00f1o y 1 Mes<\/td>\n<td>Se utiliza para ofrecer anuncios m\u00e1s relevantes<br \/>para usted y sus intereses.<\/td>\n<\/tr>\n<tr>\n<td>SSID<\/td>\n<td>1 A\u00f1o y 1 Mes<\/td>\n<td>Con <br \/>funcionalidad desconocida.<\/td>\n<\/tr>\n<tr>\n<td>SOCOS<\/td>\n<td>2 A\u00f1o<\/td>\n<td>Se utiliza para<br \/>confirmar la autenticidad de los visitantes, proteger los datos de los visitantes<br \/>y<br \/>evitar el uso<br \/>fraudulento de las credenciales.<\/td>\n<\/tr>\n<tr>\n<td>SIDCC<\/td>\n<td>1 A\u00f1o<\/td>\n<td>para <br \/>proporcionar la identificaci\u00f3n del tr\u00e1fico web de confianza<\/td>\n<\/tr>\n<tr>\n<td>SID<\/td>\n<td>1<br \/>A\u00f1o<\/td>\n<td>para proporcionar entrega de anuncios o retargeting, proporcionar prevenci\u00f3n detd,<br \/>fraude.<\/td>\n<\/tr>\n<tr>\n<td>SEARCH-SAMESITE<\/td>\n<td>6 Mesas<\/td>\n<td>utilizado para el correctotd,<br \/>env\u00edo de datos a Google.<\/td>\n<\/tr>\n<tr>\n<td>SAPISID<\/td>\n<td>1 A\u00f1o y 1 Mes<\/td>\n<td>Se utilizad, <br \/>para almacenar preferencias e informaci\u00f3n del usuario al visualizar p\u00e1ginas<br \/>con mapas de Google<\/td>\n<\/tr>\n<tr>\n<td>OTZ<\/td>\n<td>1 A\u00f1o<\/td>\n<td>utilizado para publicidad y para analizar el uso del motortd, <br \/>de b\u00fasqueda<\/td>\n<\/tr>\n<tr>\n<td>NID<\/td>\n<td>6 Meses<\/td>\n<td>usado para mostrar anuncios de<br \/>lbGoogle en los servicios de Google a usuarios que no tengan la<br \/>sesi\u00f3n iniciada.<\/td>\n<\/tr>\n<tr>\n<td>DV<\/td>\n<td>1 A\u00f1o<\/td>\n<td>para proporcionar entrega de anuncios o retargeting.<\/td>\n<\/tr>\n<tr>\n<td>HSID<\/td>\n<td>1 A\u00f1o y 1 Mes<\/td>\n<td>para proporcionar prevenci\u00f3n del fraude.<\/td>\n<\/tr>\n<tr>\n<td>CONSENTO<\/td>\n<td>1 A\u00f1o<\/td>\n<td>con funcionalidad desconocida..<\/td>\n<\/tr>\n<tr>\n<td>APISID<\/td>\n<td>1 A\u00f1o<\/td>\n<td>con funcionalidad desconocida.<\/td>\n<\/tr>\n<tr>\n<td>1P_JAR<\/td>\n<td>1A\u00f1o<\/td>\n<td>Esta cookie realiza informaci\u00f3n sobre c\u00f3mo el usuario final utiliza el sitio web y <br \/>cualquiera<br \/>publicidad que el usuario final haya visto antes de visitar este sitio web.<\/td>\n<\/tr>\n<\/tbody>\n<\/table>\n<h2>4.2. Funcionamiento <\/h2>\n<p>REFORMES I SERVEIS CAMI VELL, S.L. no se hace responsable por las interferencias, omisiones, interrupciones, virus inform\u00e1ticos o otros elementos que puedan producir alteraciones en los sistemas del Usuario o en sus documentos o archivos motivados por causas ajenas a REFORMES I SERVEIS CAMI VELL, S.L. o en caso de haber adoptado estas medidas de seguridad razonablemente adecuadas.<br \/>Del mismo modo, REFORMES I SERVEIS CAMI VELL, S.L. no asume la responsabilidad derivada de retrasos o bloqueos en el funcionamiento operativo del Portal causado por deficiencias o sobrecarga en las l\u00edneas telef\u00f3nicas o en Internet, as\u00ed como de da\u00f1os causados por terceras personas mediante intromisiones ilegitimas.<br \/>REFORMES I SERVEIS CAMI VELL, S.L. se reserva el derecho de suspender el acceso al Portal con motivo de operaciones de mantenimiento, reparaci\u00f3n y\/o mejora.<\/p>\n<h2>4.3. Enlaces <\/h2>\n<p>REFORMES I SERVEIS CAMI VELL, S.L. no se hace responsable de los contenidos y servicios de aquellas p\u00e1ginas web que puedan estar enlazadas en el Portal m\u00e1s all\u00e1 de la responsabilidad asignada por la Ley 34\/2002, de 12 de julio, de Servicios de la Sociedad de la Informaci\u00f3n y el Comercio Electr\u00f3nico, en la medida en que pudiera tener conocimiento efectivo de la ilicitud de los contenidos y servicios suministrados en el portal web enlazado y no desactive el enlace con la diligencia debida. Si desea poner en nuestro conocimiento la existencia de un enlace hacia un sitio web con contenidos que considera inadecuados o il\u00edcitos puede ponerse en contacto con nosotros en info@diselenergy.com. <\/p>\n<\/div>\n<div style=\"margin-bottom: 40px;\">\n<h2>5. Protecci\u00f3n de datos<\/h2>\n<p>Puede acceder a la informaci\u00f3n detallada respecto al tratamiento de los datos personales que REFORMES I SERVEIS CAMI VELL, S.L. lleva a t\u00e9rmino de los Usuarios visitando nuestra Pol\u00edtica de privacidad.<\/p>\n<\/div>\n<div style=\"margin-bottom: 40px;\">\n<h2>6. Legislaci\u00f3n<\/h2>\n<p>El presente Aviso Legal se rige e interpreta, en caso de resultar necesario, por la legislaci\u00f3n com\u00fan espa\u00f1ola y, salvo que se establezca lo contrario en la normativa aplicable, cualquier conflicto se somete por las partes a jueces y tribunales de la ciudad de Barcelona.<\/p>\n<\/div>\n\t\t\t\t\t\t\t\t<\/div>\n\t\t\t\t<\/div>\n\t\t\t\t<\/div>\n\t\t\t\t<\/div>\n\t\t\t\t<\/div>\n\t\t","protected":false},"excerpt":{"rendered":"<p>Pol\u00edtica de cookies 1.INTRODUCCI\u00d3N El sitio web de diselenergy.com utiliza cookies propias y de terceros. Una cookie es un archivo [&hellip;]<\/p>\n","protected":false},"author":1,"featured_media":0,"parent":0,"menu_order":0,"comment_status":"closed","ping_status":"closed","template":"","meta":{"_acf_changed":false,"site-sidebar-layout":"no-sidebar","site-content-layout":"","ast-site-content-layout":"full-width-container","site-content-style":"default","site-sidebar-style":"default","ast-global-header-display":"","ast-banner-title-visibility":"","ast-main-header-display":"","ast-hfb-above-header-display":"","ast-hfb-below-header-display":"","ast-hfb-mobile-header-display":"","site-post-title":"disabled","ast-breadcrumbs-content":"","ast-featured-img":"disabled","footer-sml-layout":"","theme-transparent-header-meta":"","adv-header-id-meta":"","stick-header-meta":"","header-above-stick-meta":"","header-main-stick-meta":"","header-below-stick-meta":"","astra-migrate-meta-layouts":"default","ast-page-background-enabled":"default","ast-page-background-meta":{"desktop":{"background-color":"var(--ast-global-color-4)","background-image":"","background-repeat":"repeat","background-position":"center center","background-size":"auto","background-attachment":"scroll","background-type":"","background-media":"","overlay-type":"","overlay-color":"","overlay-opacity":"","overlay-gradient":""},"tablet":{"background-color":"","background-image":"","background-repeat":"repeat","background-position":"center center","background-size":"auto","background-attachment":"scroll","background-type":"","background-media":"","overlay-type":"","overlay-color":"","overlay-opacity":"","overlay-gradient":""},"mobile":{"background-color":"","background-image":"","background-repeat":"repeat","background-position":"center center","background-size":"auto","background-attachment":"scroll","background-type":"","background-media":"","overlay-type":"","overlay-color":"","overlay-opacity":"","overlay-gradient":""}},"ast-content-background-meta":{"desktop":{"background-color":"var(--ast-global-color-5)","background-image":"","background-repeat":"repeat","background-position":"center center","background-size":"auto","background-attachment":"scroll","background-type":"","background-media":"","overlay-type":"","overlay-color":"","overlay-opacity":"","overlay-gradient":""},"tablet":{"background-color":"var(--ast-global-color-5)","background-image":"","background-repeat":"repeat","background-position":"center center","background-size":"auto","background-attachment":"scroll","background-type":"","background-media":"","overlay-type":"","overlay-color":"","overlay-opacity":"","overlay-gradient":""},"mobile":{"background-color":"var(--ast-global-color-5)","background-image":"","background-repeat":"repeat","background-position":"center center","background-size":"auto","background-attachment":"scroll","background-type":"","background-media":"","overlay-type":"","overlay-color":"","overlay-opacity":"","overlay-gradient":""}},"footnotes":""},"class_list":["post-1988","page","type-page","status-publish","hentry"],"acf":[],"yoast_head":"<!-- This site is optimized with the Yoast SEO plugin v25.2 - https:\/\/yoast.com\/wordpress\/plugins\/seo\/ -->\n<title>Cookies - DiselEnergy<\/title>\n<meta name=\"robots\" content=\"index, follow, max-snippet:-1, max-image-preview:large, max-video-preview:-1\" \/>\n<link rel=\"canonical\" href=\"https:\/\/diselenergy.com\/ca\/cookies\/\" \/>\n<meta property=\"og:locale\" content=\"ca_ES\" \/>\n<meta property=\"og:type\" content=\"article\" \/>\n<meta property=\"og:title\" content=\"Cookies - DiselEnergy\" \/>\n<meta property=\"og:description\" content=\"Pol\u00edtica de cookies 1.INTRODUCCI\u00d3N El sitio web de diselenergy.com utiliza cookies propias y de terceros. Una cookie es un archivo [&hellip;]\" \/>\n<meta property=\"og:url\" content=\"https:\/\/diselenergy.com\/ca\/cookies\/\" \/>\n<meta property=\"og:site_name\" content=\"DiselEnergy\" \/>\n<meta property=\"article:modified_time\" content=\"2024-12-19T15:42:42+00:00\" \/>\n<meta name=\"twitter:card\" content=\"summary_large_image\" \/>\n<meta name=\"twitter:label1\" content=\"Temps estimat de lectura\" \/>\n\t<meta name=\"twitter:data1\" content=\"8 minuts\" \/>\n<script type=\"application\/ld+json\" class=\"yoast-schema-graph\">{\"@context\":\"https:\/\/schema.org\",\"@graph\":[{\"@type\":\"WebPage\",\"@id\":\"https:\/\/diselenergy.com\/ca\/cookies\/\",\"url\":\"https:\/\/diselenergy.com\/ca\/cookies\/\",\"name\":\"Cookies - DiselEnergy\",\"isPartOf\":{\"@id\":\"https:\/\/diselenergy.com\/ca\/#website\"},\"datePublished\":\"2024-10-17T09:02:25+00:00\",\"dateModified\":\"2024-12-19T15:42:42+00:00\",\"breadcrumb\":{\"@id\":\"https:\/\/diselenergy.com\/ca\/cookies\/#breadcrumb\"},\"inLanguage\":\"ca\",\"potentialAction\":[{\"@type\":\"ReadAction\",\"target\":[\"https:\/\/diselenergy.com\/ca\/cookies\/\"]}]},{\"@type\":\"BreadcrumbList\",\"@id\":\"https:\/\/diselenergy.com\/ca\/cookies\/#breadcrumb\",\"itemListElement\":[{\"@type\":\"ListItem\",\"position\":1,\"name\":\"Portada\",\"item\":\"https:\/\/diselenergy.com\/ca\/inici\/\"},{\"@type\":\"ListItem\",\"position\":2,\"name\":\"Cookies\"}]},{\"@type\":\"WebSite\",\"@id\":\"https:\/\/diselenergy.com\/ca\/#website\",\"url\":\"https:\/\/diselenergy.com\/ca\/\",\"name\":\"DiselEnergy\",\"description\":\"\",\"potentialAction\":[{\"@type\":\"SearchAction\",\"target\":{\"@type\":\"EntryPoint\",\"urlTemplate\":\"https:\/\/diselenergy.com\/ca\/?s={search_term_string}\"},\"query-input\":{\"@type\":\"PropertyValueSpecification\",\"valueRequired\":true,\"valueName\":\"search_term_string\"}}],\"inLanguage\":\"ca\"}]}<\/script>\n<!-- \/ Yoast SEO plugin. -->","yoast_head_json":{"title":"Cookies - DiselEnergy","robots":{"index":"index","follow":"follow","max-snippet":"max-snippet:-1","max-image-preview":"max-image-preview:large","max-video-preview":"max-video-preview:-1"},"canonical":"https:\/\/diselenergy.com\/ca\/cookies\/","og_locale":"ca_ES","og_type":"article","og_title":"Cookies - DiselEnergy","og_description":"Pol\u00edtica de cookies 1.INTRODUCCI\u00d3N El sitio web de diselenergy.com utiliza cookies propias y de terceros. Una cookie es un archivo [&hellip;]","og_url":"https:\/\/diselenergy.com\/ca\/cookies\/","og_site_name":"DiselEnergy","article_modified_time":"2024-12-19T15:42:42+00:00","twitter_card":"summary_large_image","twitter_misc":{"Temps estimat de lectura":"8 minuts"},"schema":{"@context":"https:\/\/schema.org","@graph":[{"@type":"WebPage","@id":"https:\/\/diselenergy.com\/ca\/cookies\/","url":"https:\/\/diselenergy.com\/ca\/cookies\/","name":"Cookies - DiselEnergy","isPartOf":{"@id":"https:\/\/diselenergy.com\/ca\/#website"},"datePublished":"2024-10-17T09:02:25+00:00","dateModified":"2024-12-19T15:42:42+00:00","breadcrumb":{"@id":"https:\/\/diselenergy.com\/ca\/cookies\/#breadcrumb"},"inLanguage":"ca","potentialAction":[{"@type":"ReadAction","target":["https:\/\/diselenergy.com\/ca\/cookies\/"]}]},{"@type":"BreadcrumbList","@id":"https:\/\/diselenergy.com\/ca\/cookies\/#breadcrumb","itemListElement":[{"@type":"ListItem","position":1,"name":"Portada","item":"https:\/\/diselenergy.com\/ca\/inici\/"},{"@type":"ListItem","position":2,"name":"Cookies"}]},{"@type":"WebSite","@id":"https:\/\/diselenergy.com\/ca\/#website","url":"https:\/\/diselenergy.com\/ca\/","name":"DiselEnergy","description":"","potentialAction":[{"@type":"SearchAction","target":{"@type":"EntryPoint","urlTemplate":"https:\/\/diselenergy.com\/ca\/?s={search_term_string}"},"query-input":{"@type":"PropertyValueSpecification","valueRequired":true,"valueName":"search_term_string"}}],"inLanguage":"ca"}]}},"_links":{"self":[{"href":"https:\/\/diselenergy.com\/ca\/wp-json\/wp\/v2\/pages\/1988","targetHints":{"allow":["GET"]}}],"collection":[{"href":"https:\/\/diselenergy.com\/ca\/wp-json\/wp\/v2\/pages"}],"about":[{"href":"https:\/\/diselenergy.com\/ca\/wp-json\/wp\/v2\/types\/page"}],"author":[{"embeddable":true,"href":"https:\/\/diselenergy.com\/ca\/wp-json\/wp\/v2\/users\/1"}],"replies":[{"embeddable":true,"href":"https:\/\/diselenergy.com\/ca\/wp-json\/wp\/v2\/comments?post=1988"}],"version-history":[{"count":1,"href":"https:\/\/diselenergy.com\/ca\/wp-json\/wp\/v2\/pages\/1988\/revisions"}],"predecessor-version":[{"id":1989,"href":"https:\/\/diselenergy.com\/ca\/wp-json\/wp\/v2\/pages\/1988\/revisions\/1989"}],"wp:attachment":[{"href":"https:\/\/diselenergy.com\/ca\/wp-json\/wp\/v2\/media?parent=1988"}],"curies":[{"name":"wp","href":"https:\/\/api.w.org\/{rel}","templated":true}]}}