{"id":1986,"date":"2024-10-17T09:00:10","date_gmt":"2024-10-17T09:00:10","guid":{"rendered":"https:\/\/diselenergy.com\/accessibilitat\/"},"modified":"2024-12-19T15:40:00","modified_gmt":"2024-12-19T15:40:00","slug":"accessibilitat","status":"publish","type":"page","link":"https:\/\/diselenergy.com\/ca\/accessibilitat\/","title":{"rendered":"Accessibilitat"},"content":{"rendered":"\t\t<div data-elementor-type=\"wp-page\" data-elementor-id=\"1986\" class=\"elementor elementor-1986 elementor-905\" data-elementor-post-type=\"page\">\n\t\t\t\t<div class=\"elementor-element elementor-element-b2953b5 e-con-full e-flex e-con e-parent\" data-id=\"b2953b5\" data-element_type=\"container\" data-settings=\"{&quot;background_background&quot;:&quot;video&quot;,&quot;background_video_link&quot;:&quot;https:\\\/\\\/videos.pexels.com\\\/video-files\\\/9790072\\\/9790072-uhd_2560_1440_30fps.mp4&quot;,&quot;background_play_on_mobile&quot;:&quot;yes&quot;}\">\n\t\t<div class=\"elementor-background-video-container\">\n\t\t\t\t\t\t\t<video class=\"elementor-background-video-hosted\" autoplay muted playsinline loop><\/video>\n\t\t\t\t\t<\/div><div class=\"elementor-element elementor-element-6a4f612 e-flex e-con-boxed e-con e-child\" data-id=\"6a4f612\" data-element_type=\"container\">\n\t\t\t\t\t<div class=\"e-con-inner\">\n\t\t\t\t<div class=\"elementor-element elementor-element-afe9fb7 elementor-widget elementor-widget-heading\" data-id=\"afe9fb7\" data-element_type=\"widget\" data-widget_type=\"heading.default\">\n\t\t\t\t<div class=\"elementor-widget-container\">\n\t\t\t\t\t<h2 class=\"elementor-heading-title elementor-size-default\">Accessibilitat<\/h2>\t\t\t\t<\/div>\n\t\t\t\t<\/div>\n\t\t\t\t\t<\/div>\n\t\t\t\t<\/div>\n\t\t\t\t<\/div>\n\t\t<div class=\"elementor-element elementor-element-45524a4 e-con-full e-flex e-con e-parent\" data-id=\"45524a4\" data-element_type=\"container\" data-settings=\"{&quot;background_background&quot;:&quot;classic&quot;}\">\n\t\t<div class=\"elementor-element elementor-element-0c9015b e-con-full e-flex e-con e-child\" data-id=\"0c9015b\" data-element_type=\"container\" data-settings=\"{&quot;background_background&quot;:&quot;classic&quot;}\">\n\t\t<div class=\"elementor-element elementor-element-005be42 e-con-full e-flex e-con e-child\" data-id=\"005be42\" data-element_type=\"container\">\n\t\t\t\t<div class=\"elementor-element elementor-element-a5090a7 elementor-widget__width-inherit elementor-widget elementor-widget-text-editor\" data-id=\"a5090a7\" data-element_type=\"widget\" data-widget_type=\"text-editor.default\">\n\t\t\t\t<div class=\"elementor-widget-container\">\n\t\t\t\t\t\t\t\t\t<div style=\"margin-bottom: 40px;\">\n<p><span style=\"font-size: 1.7em; font-weight: bold;\">SITUACI\u00d3 DE COMPLIMENT<\/span><\/p>\n<\/div>\n<div style=\"margin-bottom: 40px;\">\n<p>Aquest lloc web compleix parcialment amb l&#8217;RD 1112\/2018 a causa d&#8217;excepcions i incompliments. dels aspectes indicats en el punt seg\u00fcent.<\/p>\n<\/div>\n<div style=\"margin-bottom: 40px;\">\n<h2>CONTINGUT NO ACCESSIBLE<\/h2>\n<p>El contingut recopilat a continuaci\u00f3 no \u00e9s accessible per a:<\/p>\n<ul>\n<li>Incompliment del RD 1112\/2018<\/li>\n<li>Podria haver-hi alguns aspectes de contrast que no compleixin el m\u00ednim requerit, 3:1, respecte als colors.<br \/>adjacent al fons de<\/li>\n<li>la secci\u00f3 del lloc web en q\u00fcesti\u00f3. [9 .1.4.11 Contrast no textual]<\/li>\n<li>\u00c9s possible que hi hagi alguns elements no textuals que no estiguin etiquetats correctament [2 .5.3 Etiqueta num\u00e8rica] i [4 .1.2 Nombre y valor de la funci\u00f3n]<\/li>\n<li>Els motors de cerca busquen autom\u00e0ticament sense necessitat d&#8217;ordenar cap acci\u00f3 a l&#8217;usuari [3 .2.2 En rebre entrades]<\/li>\n<li>Podria haver-hi alguns textos en un altre idioma no etiquetats correctament [3 .1.2 Idioma de les parts]<\/li>\n<li>Podrien produir-se errors ocasionals d&#8217;edici\u00f3 de codi en algunes p\u00e0gines web. [4 .1.1 Procesamiento]<\/li>\n<li>C\u00e0rrec desproporcionat \u2013 No aplicable.<\/li>\n<li>El contingut no entra dins de l&#8217;\u00e0mbit d&#8217;aplicaci\u00f3 de la legislaci\u00f3 aplicable.<\/li>\n<\/ul>\n<\/div>\n<div style=\"margin-bottom: 40px;\">\n<h2>CONTINGUT NO ACCESSIBLE<\/h2>\n<p>Aquesta declaraci\u00f3 va ser preparada el 19\/12\/2024.<br \/>El m\u00e8tode utilitzat per a l&#8217;elaboraci\u00f3 de la declaraci\u00f3 va ser una valoraci\u00f3 manual realitzada per AVANCEM AMB VOST\u00c8 S.L. (AVANNUBO).<br \/>La Declaraci\u00f3 d&#8217;Accessibilitat va ser revisada i actualitzada en 19\/12\/2024.<br \/>Si desitja cridar la nostra atenci\u00f3 sobre l&#8217;exist\u00e8ncia d&#8217;un enlla\u00e7 a un lloc web amb contingut que considera inapropiat o il\u00b7legal, pot contactar-nos en info@diselenergy.com.<\/p>\n<\/div>\n<div style=\"margin-bottom: 40px;\">\n<h2>PROCEDIMENT DE SOL\u00b7LICITUD<\/h2>\n<p>Si una vegada presentada una sol\u00b7licitud d&#8217;informaci\u00f3 accessible o una den\u00fancia aquesta hagu\u00e9s estat desestimada, no va estar d&#8217;acord amb la decisi\u00f3 adoptada, o la resposta no va complir amb els requisits previstos en l&#8217;article 12.5, l&#8217;interessat podr\u00e0 iniciar una reclamaci\u00f3. <br \/>Tamb\u00e9 es pot iniciar una reclamaci\u00f3 en el cas que hagi transcorregut el termini de vint dies h\u00e0bils sense obtenir resposta. <br \/>El reclam pot ser presentats a trav\u00e9s de la Inst\u00e0ncia Gen\u00e8rica de la Seu Electr\u00f2nica del Ministeri d&#8217;Assumptes Econ\u00f2mics i Transformaci\u00f3 Digital, aix\u00ed com la resta d&#8217;opcions contingudes en la Llei 39\/2015, d&#8217;1 d&#8217;octubre, de Procediment Administratiu Com\u00fa de les Administracions P\u00fabliques. <br \/>Les reclamacions seran rebudes i processades per la Direcci\u00f3 General d&#8217;Inspecci\u00f3 de Serveis del Ministeri.<\/p>\n<\/div>\n<div style=\"margin-bottom: 40px;\">\n<h2>CONTINGUT OPCIONAL<\/h2>\n<p>Aquest portal est\u00e0 dissenyat per a poder canviar la grand\u00e0ria del text i el color, aix\u00ed com el fons de la p\u00e0gina. a trav\u00e9s de les opcions de configuraci\u00f3 est\u00e0ndard del navegador.<br \/>Si desitja canviar la grand\u00e0ria de font del text en els principals navegadors gr\u00e0fics, utilitzi el seg\u00fcent men\u00fas:<\/p>\n<p>Internet Explorer, Mozilla y Firefox: Ver &gt; Tama\u00f1o del texto<br \/>\u00d3pera: Ver &gt; Zoom<br \/>Safari: Ver &gt; Agrandar el texto<br \/>Chrome: Controlar la p\u00e1gina actual &gt; Tama\u00f1o del texto<\/p>\n<p>Per a canviar la grand\u00e0ria de tot el que hi ha en la p\u00e0gina:<\/p>\n<p>Ctrl + + per a augmentar-ho<br \/>Ctrl + &#8211; per a disminuir-ho<br \/>Ctrl + 0 restaura la grand\u00e0ria del text original<br \/>Si desitja anul\u00b7lar la fulla de style o canviar el color del text, pot veure la p\u00e0gina Com canviar Grand\u00e0ria de Text o Colors del WAI, que es pot llegir tradu\u00eft a l&#8217;espanyol en Com canviar la grand\u00e0ria del text o Colors?<\/p>\n<\/div>\n\t\t\t\t\t\t\t\t<\/div>\n\t\t\t\t<\/div>\n\t\t\t\t<\/div>\n\t\t\t\t<\/div>\n\t\t\t\t<\/div>\n\t\t\t\t<\/div>\n\t\t","protected":false},"excerpt":{"rendered":"<p>Accessibilitat SITUACI\u00d3 DE COMPLIMENT Aquest lloc web compleix parcialment amb l&#8217;RD 1112\/2018 a causa d&#8217;excepcions i incompliments. dels aspectes indicats [&hellip;]<\/p>\n","protected":false},"author":1,"featured_media":0,"parent":0,"menu_order":0,"comment_status":"closed","ping_status":"closed","template":"","meta":{"_acf_changed":false,"site-sidebar-layout":"no-sidebar","site-content-layout":"","ast-site-content-layout":"full-width-container","site-content-style":"default","site-sidebar-style":"default","ast-global-header-display":"","ast-banner-title-visibility":"","ast-main-header-display":"","ast-hfb-above-header-display":"","ast-hfb-below-header-display":"","ast-hfb-mobile-header-display":"","site-post-title":"disabled","ast-breadcrumbs-content":"","ast-featured-img":"disabled","footer-sml-layout":"","theme-transparent-header-meta":"","adv-header-id-meta":"","stick-header-meta":"","header-above-stick-meta":"","header-main-stick-meta":"","header-below-stick-meta":"","astra-migrate-meta-layouts":"default","ast-page-background-enabled":"default","ast-page-background-meta":{"desktop":{"background-color":"var(--ast-global-color-4)","background-image":"","background-repeat":"repeat","background-position":"center center","background-size":"auto","background-attachment":"scroll","background-type":"","background-media":"","overlay-type":"","overlay-color":"","overlay-opacity":"","overlay-gradient":""},"tablet":{"background-color":"","background-image":"","background-repeat":"repeat","background-position":"center center","background-size":"auto","background-attachment":"scroll","background-type":"","background-media":"","overlay-type":"","overlay-color":"","overlay-opacity":"","overlay-gradient":""},"mobile":{"background-color":"","background-image":"","background-repeat":"repeat","background-position":"center center","background-size":"auto","background-attachment":"scroll","background-type":"","background-media":"","overlay-type":"","overlay-color":"","overlay-opacity":"","overlay-gradient":""}},"ast-content-background-meta":{"desktop":{"background-color":"var(--ast-global-color-5)","background-image":"","background-repeat":"repeat","background-position":"center center","background-size":"auto","background-attachment":"scroll","background-type":"","background-media":"","overlay-type":"","overlay-color":"","overlay-opacity":"","overlay-gradient":""},"tablet":{"background-color":"var(--ast-global-color-5)","background-image":"","background-repeat":"repeat","background-position":"center center","background-size":"auto","background-attachment":"scroll","background-type":"","background-media":"","overlay-type":"","overlay-color":"","overlay-opacity":"","overlay-gradient":""},"mobile":{"background-color":"var(--ast-global-color-5)","background-image":"","background-repeat":"repeat","background-position":"center center","background-size":"auto","background-attachment":"scroll","background-type":"","background-media":"","overlay-type":"","overlay-color":"","overlay-opacity":"","overlay-gradient":""}},"footnotes":""},"class_list":["post-1986","page","type-page","status-publish","hentry"],"acf":[],"yoast_head":"<!-- This site is optimized with the Yoast SEO plugin v25.2 - https:\/\/yoast.com\/wordpress\/plugins\/seo\/ -->\n<title>Accessibilitat - DiselEnergy<\/title>\n<meta name=\"robots\" content=\"index, follow, max-snippet:-1, max-image-preview:large, max-video-preview:-1\" \/>\n<link rel=\"canonical\" href=\"https:\/\/diselenergy.com\/ca\/accessibilitat\/\" \/>\n<meta property=\"og:locale\" content=\"ca_ES\" \/>\n<meta property=\"og:type\" content=\"article\" \/>\n<meta property=\"og:title\" content=\"Accessibilitat - DiselEnergy\" \/>\n<meta property=\"og:description\" content=\"Accessibilitat SITUACI\u00d3 DE COMPLIMENT Aquest lloc web compleix parcialment amb l&#8217;RD 1112\/2018 a causa d&#8217;excepcions i incompliments. dels aspectes indicats [&hellip;]\" \/>\n<meta property=\"og:url\" content=\"https:\/\/diselenergy.com\/ca\/accessibilitat\/\" \/>\n<meta property=\"og:site_name\" content=\"DiselEnergy\" \/>\n<meta property=\"article:modified_time\" content=\"2024-12-19T15:40:00+00:00\" \/>\n<meta name=\"twitter:card\" content=\"summary_large_image\" \/>\n<meta name=\"twitter:label1\" content=\"Temps estimat de lectura\" \/>\n\t<meta name=\"twitter:data1\" content=\"3 minuts\" \/>\n<script type=\"application\/ld+json\" class=\"yoast-schema-graph\">{\"@context\":\"https:\/\/schema.org\",\"@graph\":[{\"@type\":\"WebPage\",\"@id\":\"https:\/\/diselenergy.com\/ca\/accessibilitat\/\",\"url\":\"https:\/\/diselenergy.com\/ca\/accessibilitat\/\",\"name\":\"Accessibilitat - DiselEnergy\",\"isPartOf\":{\"@id\":\"https:\/\/diselenergy.com\/ca\/#website\"},\"datePublished\":\"2024-10-17T09:00:10+00:00\",\"dateModified\":\"2024-12-19T15:40:00+00:00\",\"breadcrumb\":{\"@id\":\"https:\/\/diselenergy.com\/ca\/accessibilitat\/#breadcrumb\"},\"inLanguage\":\"ca\",\"potentialAction\":[{\"@type\":\"ReadAction\",\"target\":[\"https:\/\/diselenergy.com\/ca\/accessibilitat\/\"]}]},{\"@type\":\"BreadcrumbList\",\"@id\":\"https:\/\/diselenergy.com\/ca\/accessibilitat\/#breadcrumb\",\"itemListElement\":[{\"@type\":\"ListItem\",\"position\":1,\"name\":\"Portada\",\"item\":\"https:\/\/diselenergy.com\/ca\/inici\/\"},{\"@type\":\"ListItem\",\"position\":2,\"name\":\"Accessibilitat\"}]},{\"@type\":\"WebSite\",\"@id\":\"https:\/\/diselenergy.com\/ca\/#website\",\"url\":\"https:\/\/diselenergy.com\/ca\/\",\"name\":\"DiselEnergy\",\"description\":\"\",\"potentialAction\":[{\"@type\":\"SearchAction\",\"target\":{\"@type\":\"EntryPoint\",\"urlTemplate\":\"https:\/\/diselenergy.com\/ca\/?s={search_term_string}\"},\"query-input\":{\"@type\":\"PropertyValueSpecification\",\"valueRequired\":true,\"valueName\":\"search_term_string\"}}],\"inLanguage\":\"ca\"}]}<\/script>\n<!-- \/ Yoast SEO plugin. -->","yoast_head_json":{"title":"Accessibilitat - DiselEnergy","robots":{"index":"index","follow":"follow","max-snippet":"max-snippet:-1","max-image-preview":"max-image-preview:large","max-video-preview":"max-video-preview:-1"},"canonical":"https:\/\/diselenergy.com\/ca\/accessibilitat\/","og_locale":"ca_ES","og_type":"article","og_title":"Accessibilitat - DiselEnergy","og_description":"Accessibilitat SITUACI\u00d3 DE COMPLIMENT Aquest lloc web compleix parcialment amb l&#8217;RD 1112\/2018 a causa d&#8217;excepcions i incompliments. dels aspectes indicats [&hellip;]","og_url":"https:\/\/diselenergy.com\/ca\/accessibilitat\/","og_site_name":"DiselEnergy","article_modified_time":"2024-12-19T15:40:00+00:00","twitter_card":"summary_large_image","twitter_misc":{"Temps estimat de lectura":"3 minuts"},"schema":{"@context":"https:\/\/schema.org","@graph":[{"@type":"WebPage","@id":"https:\/\/diselenergy.com\/ca\/accessibilitat\/","url":"https:\/\/diselenergy.com\/ca\/accessibilitat\/","name":"Accessibilitat - DiselEnergy","isPartOf":{"@id":"https:\/\/diselenergy.com\/ca\/#website"},"datePublished":"2024-10-17T09:00:10+00:00","dateModified":"2024-12-19T15:40:00+00:00","breadcrumb":{"@id":"https:\/\/diselenergy.com\/ca\/accessibilitat\/#breadcrumb"},"inLanguage":"ca","potentialAction":[{"@type":"ReadAction","target":["https:\/\/diselenergy.com\/ca\/accessibilitat\/"]}]},{"@type":"BreadcrumbList","@id":"https:\/\/diselenergy.com\/ca\/accessibilitat\/#breadcrumb","itemListElement":[{"@type":"ListItem","position":1,"name":"Portada","item":"https:\/\/diselenergy.com\/ca\/inici\/"},{"@type":"ListItem","position":2,"name":"Accessibilitat"}]},{"@type":"WebSite","@id":"https:\/\/diselenergy.com\/ca\/#website","url":"https:\/\/diselenergy.com\/ca\/","name":"DiselEnergy","description":"","potentialAction":[{"@type":"SearchAction","target":{"@type":"EntryPoint","urlTemplate":"https:\/\/diselenergy.com\/ca\/?s={search_term_string}"},"query-input":{"@type":"PropertyValueSpecification","valueRequired":true,"valueName":"search_term_string"}}],"inLanguage":"ca"}]}},"_links":{"self":[{"href":"https:\/\/diselenergy.com\/ca\/wp-json\/wp\/v2\/pages\/1986","targetHints":{"allow":["GET"]}}],"collection":[{"href":"https:\/\/diselenergy.com\/ca\/wp-json\/wp\/v2\/pages"}],"about":[{"href":"https:\/\/diselenergy.com\/ca\/wp-json\/wp\/v2\/types\/page"}],"author":[{"embeddable":true,"href":"https:\/\/diselenergy.com\/ca\/wp-json\/wp\/v2\/users\/1"}],"replies":[{"embeddable":true,"href":"https:\/\/diselenergy.com\/ca\/wp-json\/wp\/v2\/comments?post=1986"}],"version-history":[{"count":1,"href":"https:\/\/diselenergy.com\/ca\/wp-json\/wp\/v2\/pages\/1986\/revisions"}],"predecessor-version":[{"id":1987,"href":"https:\/\/diselenergy.com\/ca\/wp-json\/wp\/v2\/pages\/1986\/revisions\/1987"}],"wp:attachment":[{"href":"https:\/\/diselenergy.com\/ca\/wp-json\/wp\/v2\/media?parent=1986"}],"curies":[{"name":"wp","href":"https:\/\/api.w.org\/{rel}","templated":true}]}}