{"id":1970,"date":"2024-06-20T07:29:56","date_gmt":"2024-06-20T07:29:56","guid":{"rendered":"https:\/\/diselenergy.com\/nosaltres\/"},"modified":"2025-05-30T06:36:03","modified_gmt":"2025-05-30T06:36:03","slug":"nosaltres","status":"publish","type":"page","link":"https:\/\/diselenergy.com\/ca\/nosaltres\/","title":{"rendered":"Nosaltres"},"content":{"rendered":"\t\t<div data-elementor-type=\"wp-page\" data-elementor-id=\"1970\" class=\"elementor elementor-1970 elementor-436\" data-elementor-post-type=\"page\">\n\t\t\t\t<div class=\"elementor-element elementor-element-dc4339a e-con-full e-flex e-con e-parent\" data-id=\"dc4339a\" data-element_type=\"container\" data-settings=\"{&quot;background_background&quot;:&quot;classic&quot;}\">\n\t\t<div class=\"elementor-element elementor-element-3ff36a5 e-con-full e-flex e-con e-child\" data-id=\"3ff36a5\" data-element_type=\"container\" data-settings=\"{&quot;background_background&quot;:&quot;video&quot;,&quot;background_video_link&quot;:&quot;https:\\\/\\\/videos.pexels.com\\\/video-files\\\/855792\\\/855792-hd_1920_1080_24fps.mp4&quot;,&quot;background_play_on_mobile&quot;:&quot;yes&quot;}\">\n\t\t<div class=\"elementor-background-video-container\">\n\t\t\t\t\t\t\t<video class=\"elementor-background-video-hosted\" autoplay muted playsinline loop><\/video>\n\t\t\t\t\t<\/div><div class=\"elementor-element elementor-element-26fa374 e-flex e-con-boxed elementor-invisible e-con e-child\" data-id=\"26fa374\" data-element_type=\"container\" data-settings=\"{&quot;animation&quot;:&quot;zoomIn&quot;}\">\n\t\t\t\t\t<div class=\"e-con-inner\">\n\t\t\t\t<div class=\"elementor-element elementor-element-ee6c97e elementor-widget elementor-widget-heading\" data-id=\"ee6c97e\" data-element_type=\"widget\" data-widget_type=\"heading.default\">\n\t\t\t\t<div class=\"elementor-widget-container\">\n\t\t\t\t\t<h2 class=\"elementor-heading-title elementor-size-default\">Nosaltres<\/h2>\t\t\t\t<\/div>\n\t\t\t\t<\/div>\n\t\t\t\t\t<\/div>\n\t\t\t\t<\/div>\n\t\t\t\t<\/div>\n\t\t\t\t<\/div>\n\t\t<div class=\"elementor-element elementor-element-45524a4 e-con-full e-flex e-con e-parent\" data-id=\"45524a4\" data-element_type=\"container\" data-settings=\"{&quot;background_background&quot;:&quot;classic&quot;}\">\n\t\t<div class=\"elementor-element elementor-element-cf1d2c6 e-flex e-con-boxed e-con e-child\" data-id=\"cf1d2c6\" data-element_type=\"container\" data-settings=\"{&quot;background_background&quot;:&quot;classic&quot;}\">\n\t\t\t\t\t<div class=\"e-con-inner\">\n\t\t<div class=\"elementor-element elementor-element-a9d5f29 e-con-full e-flex e-con e-child\" data-id=\"a9d5f29\" data-element_type=\"container\">\n\t\t\t\t<div class=\"elementor-element elementor-element-9057d77 elementor-widget elementor-widget-heading\" data-id=\"9057d77\" data-element_type=\"widget\" data-widget_type=\"heading.default\">\n\t\t\t\t<div class=\"elementor-widget-container\">\n\t\t\t\t\t<h2 class=\"elementor-heading-title elementor-size-default\">EL NOSTRE ORIGEN<\/h2>\t\t\t\t<\/div>\n\t\t\t\t<\/div>\n\t\t\t\t<div class=\"elementor-element elementor-element-1fe7f44 elementor-widget__width-initial elementor-widget elementor-widget-text-editor\" data-id=\"1fe7f44\" data-element_type=\"widget\" data-widget_type=\"text-editor.default\">\n\t\t\t\t<div class=\"elementor-widget-container\">\n\t\t\t\t\t\t\t\t\t<p>DiselEnergy \u00e9s la soluci\u00f3 empresarial del Grup Diselmatic per a canalitzar la demanda de solucions d&#8217;energies renovables, per part de les empreses i llars de la nostra cartera. Fa tres d\u00e8cades decidim dedicar-nos a les renovables i posar a la teva disposici\u00f3 la nostra experi\u00e8ncia i la millor tecnologia. Innovem perqu\u00e8 canvi\u00efs el \u201cxip\u201d, i que aix\u00f2 de les energies renovables, siguin molt f\u00e0cils per a tu.<\/p>\t\t\t\t\t\t\t\t<\/div>\n\t\t\t\t<\/div>\n\t\t\t\t<\/div>\n\t\t\t\t<div class=\"elementor-element elementor-element-66bd75d elementor-widget__width-initial elementor-widget elementor-widget-image\" data-id=\"66bd75d\" data-element_type=\"widget\" data-widget_type=\"image.default\">\n\t\t\t\t<div class=\"elementor-widget-container\">\n\t\t\t\t\t\t\t\t\t\t\t\t\t\t\t<img fetchpriority=\"high\" decoding=\"async\" width=\"1024\" height=\"585\" src=\"https:\/\/diselenergy.com\/wp-content\/uploads\/2024\/12\/Technician-Walking-in-Solar-Farm-at-Sunset-1024x585.png\" class=\"attachment-large size-large wp-image-1944\" alt=\"\" srcset=\"https:\/\/diselenergy.com\/wp-content\/uploads\/2024\/12\/Technician-Walking-in-Solar-Farm-at-Sunset-1024x585.png 1024w, https:\/\/diselenergy.com\/wp-content\/uploads\/2024\/12\/Technician-Walking-in-Solar-Farm-at-Sunset-300x171.png 300w, https:\/\/diselenergy.com\/wp-content\/uploads\/2024\/12\/Technician-Walking-in-Solar-Farm-at-Sunset-768x439.png 768w, https:\/\/diselenergy.com\/wp-content\/uploads\/2024\/12\/Technician-Walking-in-Solar-Farm-at-Sunset-1536x878.png 1536w, https:\/\/diselenergy.com\/wp-content\/uploads\/2024\/12\/Technician-Walking-in-Solar-Farm-at-Sunset-2048x1170.png 2048w\" sizes=\"(max-width: 1024px) 100vw, 1024px\" \/>\t\t\t\t\t\t\t\t\t\t\t\t\t\t\t<\/div>\n\t\t\t\t<\/div>\n\t\t\t\t\t<\/div>\n\t\t\t\t<\/div>\n\t\t<div class=\"elementor-element elementor-element-0c9015b e-flex e-con-boxed e-con e-child\" data-id=\"0c9015b\" data-element_type=\"container\" data-settings=\"{&quot;background_background&quot;:&quot;classic&quot;}\">\n\t\t\t\t\t<div class=\"e-con-inner\">\n\t\t\t\t<div class=\"elementor-element elementor-element-54e0f17 elementor-widget__width-initial elementor-widget elementor-widget-image\" data-id=\"54e0f17\" data-element_type=\"widget\" data-widget_type=\"image.default\">\n\t\t\t\t<div class=\"elementor-widget-container\">\n\t\t\t\t\t\t\t\t\t\t\t\t\t\t\t<img decoding=\"async\" width=\"1024\" height=\"683\" src=\"https:\/\/diselenergy.com\/wp-content\/uploads\/2024\/06\/pexels-pixabay-532192-1024x683.jpg\" class=\"attachment-large size-large wp-image-1937\" alt=\"\" srcset=\"https:\/\/diselenergy.com\/wp-content\/uploads\/2024\/06\/pexels-pixabay-532192-1024x683.jpg 1024w, https:\/\/diselenergy.com\/wp-content\/uploads\/2024\/06\/pexels-pixabay-532192-300x200.jpg 300w, https:\/\/diselenergy.com\/wp-content\/uploads\/2024\/06\/pexels-pixabay-532192-768x512.jpg 768w, https:\/\/diselenergy.com\/wp-content\/uploads\/2024\/06\/pexels-pixabay-532192-1536x1024.jpg 1536w, https:\/\/diselenergy.com\/wp-content\/uploads\/2024\/06\/pexels-pixabay-532192-2048x1366.jpg 2048w\" sizes=\"(max-width: 1024px) 100vw, 1024px\" \/>\t\t\t\t\t\t\t\t\t\t\t\t\t\t\t<\/div>\n\t\t\t\t<\/div>\n\t\t<div class=\"elementor-element elementor-element-467ba47 e-con-full e-flex e-con e-child\" data-id=\"467ba47\" data-element_type=\"container\">\n\t\t\t\t<div class=\"elementor-element elementor-element-0fe1172 elementor-widget elementor-widget-heading\" data-id=\"0fe1172\" data-element_type=\"widget\" data-widget_type=\"heading.default\">\n\t\t\t\t<div class=\"elementor-widget-container\">\n\t\t\t\t\t<h2 class=\"elementor-heading-title elementor-size-default\">EMPRESA REFER\u00c8NCIA<\/h2>\t\t\t\t<\/div>\n\t\t\t\t<\/div>\n\t\t\t\t<div class=\"elementor-element elementor-element-54157f9 elementor-widget__width-initial elementor-widget elementor-widget-text-editor\" data-id=\"54157f9\" data-element_type=\"widget\" data-widget_type=\"text-editor.default\">\n\t\t\t\t<div class=\"elementor-widget-container\">\n\t\t\t\t\t\t\t\t\tEns hem establert com una empresa d&#8217;enginyeria i d&#8217;instal\u00b7laci\u00f3 d&#8217;energies renovables, compromesa amb ser la refer\u00e8ncia per als nostres clients. Aquest prop\u00f2sit es basa en els principis que guien al Grup Diselmatic, els quals formen part de la nostra filosofia empresarial: Transpar\u00e8ncia, Qualitat, Servei, Respecte, Innovaci\u00f3, Excel\u00b7l\u00e8ncia, Responsabilitat, Comprom\u00eds.<br>Aquests valors no sols guien les nostres relacions amb els clients, sin\u00f3 que tamb\u00e9 estan recolzats per la nostra alian\u00e7a amb grans marques l\u00edders en el sector, amb m\u00e9s de 25,000 refer\u00e8ncies de productes d&#8217;alta qualitat.\t\t\t\t\t\t\t\t<\/div>\n\t\t\t\t<\/div>\n\t\t\t\t<\/div>\n\t\t\t\t\t<\/div>\n\t\t\t\t<\/div>\n\t\t<div class=\"elementor-element elementor-element-370f867 e-flex e-con-boxed e-con e-child\" data-id=\"370f867\" data-element_type=\"container\" data-settings=\"{&quot;background_background&quot;:&quot;classic&quot;}\">\n\t\t\t\t\t<div class=\"e-con-inner\">\n\t\t<div class=\"elementor-element elementor-element-5e9b087 e-con-full e-flex e-con e-child\" data-id=\"5e9b087\" data-element_type=\"container\">\n\t\t\t\t<div class=\"elementor-element elementor-element-c1fb655 elementor-widget elementor-widget-heading\" data-id=\"c1fb655\" data-element_type=\"widget\" data-widget_type=\"heading.default\">\n\t\t\t\t<div class=\"elementor-widget-container\">\n\t\t\t\t\t<h2 class=\"elementor-heading-title elementor-size-default\">El Nostre Comprom\u00eds<\/h2>\t\t\t\t<\/div>\n\t\t\t\t<\/div>\n\t\t\t\t<div class=\"elementor-element elementor-element-ea301ae elementor-widget__width-initial elementor-widget elementor-widget-text-editor\" data-id=\"ea301ae\" data-element_type=\"widget\" data-widget_type=\"text-editor.default\">\n\t\t\t\t<div class=\"elementor-widget-container\">\n\t\t\t\t\t\t\t\t\t<p>En DiselEnergy treballem incansablement per a aplicar aquests principis en cada projecte que realitzem. Creiem fermament en un model d&#8217;actuaci\u00f3 sostenible, enfocat a maximitzar l&#8217;estalvi en les llars dels nostres clients i contribuir a un m\u00f3n m\u00e9s net, sense impactar negativament en l&#8217;economia familiar.<br>Ens especialitzem a aprofitar els recursos naturals i nets que ens brinda la naturalesa per a cobrir necessitats essencials de la llar com:<span style=\"font-style: inherit; font-weight: inherit; color: var( --e-global-color-secondary ); font-family: var( --e-global-typography-text-font-family ), Sans-serif; text-align: var(--text-align); background-color: var( --e-global-color-text );\"> Energia el\u00e8ctrica, <\/span><span style=\"font-style: inherit; font-weight: inherit; color: var( --e-global-color-secondary ); font-family: var( --e-global-typography-text-font-family ), Sans-serif; text-align: var(--text-align); background-color: var( --e-global-color-text );\">Aigua calenta, sanit\u00e0ria, Calefacci\u00f3, Climatitzaci\u00f3, En DiselEnergy, el nostre comprom\u00eds \u00e9s garantir que cada client gaudeixi de solucions eficients, accessibles i responsables amb el medi ambient, fent que el canvi cap a les energies renovables sigui un pas f\u00e0cil i natural.<\/span><\/p>\t\t\t\t\t\t\t\t<\/div>\n\t\t\t\t<\/div>\n\t\t\t\t<\/div>\n\t\t\t\t<div class=\"elementor-element elementor-element-f8b457a elementor-widget__width-initial elementor-widget elementor-widget-image\" data-id=\"f8b457a\" data-element_type=\"widget\" data-widget_type=\"image.default\">\n\t\t\t\t<div class=\"elementor-widget-container\">\n\t\t\t\t\t\t\t\t\t\t\t\t\t\t\t<img decoding=\"async\" width=\"680\" height=\"1024\" src=\"https:\/\/diselenergy.com\/wp-content\/uploads\/2024\/12\/pexels-siggy-27860564-680x1024.jpg\" class=\"attachment-large size-large wp-image-1945\" alt=\"\" srcset=\"https:\/\/diselenergy.com\/wp-content\/uploads\/2024\/12\/pexels-siggy-27860564-680x1024.jpg 680w, https:\/\/diselenergy.com\/wp-content\/uploads\/2024\/12\/pexels-siggy-27860564-199x300.jpg 199w, https:\/\/diselenergy.com\/wp-content\/uploads\/2024\/12\/pexels-siggy-27860564-768x1156.jpg 768w, https:\/\/diselenergy.com\/wp-content\/uploads\/2024\/12\/pexels-siggy-27860564-1020x1536.jpg 1020w, https:\/\/diselenergy.com\/wp-content\/uploads\/2024\/12\/pexels-siggy-27860564-1360x2048.jpg 1360w, https:\/\/diselenergy.com\/wp-content\/uploads\/2024\/12\/pexels-siggy-27860564-scaled.jpg 1700w\" sizes=\"(max-width: 680px) 100vw, 680px\" \/>\t\t\t\t\t\t\t\t\t\t\t\t\t\t\t<\/div>\n\t\t\t\t<\/div>\n\t\t\t\t\t<\/div>\n\t\t\t\t<\/div>\n\t\t\t\t<\/div>\n\t\t\t\t<\/div>\n\t\t","protected":false},"excerpt":{"rendered":"<p>Nosaltres EL NOSTRE ORIGEN DiselEnergy \u00e9s la soluci\u00f3 empresarial del Grup Diselmatic per a canalitzar la demanda de solucions d&#8217;energies [&hellip;]<\/p>\n","protected":false},"author":1,"featured_media":0,"parent":0,"menu_order":0,"comment_status":"closed","ping_status":"closed","template":"","meta":{"_acf_changed":false,"site-sidebar-layout":"no-sidebar","site-content-layout":"","ast-site-content-layout":"full-width-container","site-content-style":"default","site-sidebar-style":"default","ast-global-header-display":"","ast-banner-title-visibility":"","ast-main-header-display":"","ast-hfb-above-header-display":"","ast-hfb-below-header-display":"","ast-hfb-mobile-header-display":"","site-post-title":"disabled","ast-breadcrumbs-content":"","ast-featured-img":"disabled","footer-sml-layout":"","theme-transparent-header-meta":"","adv-header-id-meta":"","stick-header-meta":"","header-above-stick-meta":"","header-main-stick-meta":"","header-below-stick-meta":"","astra-migrate-meta-layouts":"default","ast-page-background-enabled":"default","ast-page-background-meta":{"desktop":{"background-color":"var(--ast-global-color-4)","background-image":"","background-repeat":"repeat","background-position":"center center","background-size":"auto","background-attachment":"scroll","background-type":"","background-media":"","overlay-type":"","overlay-color":"","overlay-opacity":"","overlay-gradient":""},"tablet":{"background-color":"","background-image":"","background-repeat":"repeat","background-position":"center center","background-size":"auto","background-attachment":"scroll","background-type":"","background-media":"","overlay-type":"","overlay-color":"","overlay-opacity":"","overlay-gradient":""},"mobile":{"background-color":"","background-image":"","background-repeat":"repeat","background-position":"center center","background-size":"auto","background-attachment":"scroll","background-type":"","background-media":"","overlay-type":"","overlay-color":"","overlay-opacity":"","overlay-gradient":""}},"ast-content-background-meta":{"desktop":{"background-color":"var(--ast-global-color-5)","background-image":"","background-repeat":"repeat","background-position":"center center","background-size":"auto","background-attachment":"scroll","background-type":"","background-media":"","overlay-type":"","overlay-color":"","overlay-opacity":"","overlay-gradient":""},"tablet":{"background-color":"var(--ast-global-color-5)","background-image":"","background-repeat":"repeat","background-position":"center center","background-size":"auto","background-attachment":"scroll","background-type":"","background-media":"","overlay-type":"","overlay-color":"","overlay-opacity":"","overlay-gradient":""},"mobile":{"background-color":"var(--ast-global-color-5)","background-image":"","background-repeat":"repeat","background-position":"center center","background-size":"auto","background-attachment":"scroll","background-type":"","background-media":"","overlay-type":"","overlay-color":"","overlay-opacity":"","overlay-gradient":""}},"footnotes":""},"class_list":["post-1970","page","type-page","status-publish","hentry"],"acf":[],"yoast_head":"<!-- This site is optimized with the Yoast SEO plugin v25.2 - https:\/\/yoast.com\/wordpress\/plugins\/seo\/ -->\n<title>Nosaltres - DiselEnergy<\/title>\n<meta name=\"robots\" content=\"index, follow, max-snippet:-1, max-image-preview:large, max-video-preview:-1\" \/>\n<link rel=\"canonical\" href=\"https:\/\/diselenergy.com\/ca\/nosaltres\/\" \/>\n<meta property=\"og:locale\" content=\"ca_ES\" \/>\n<meta property=\"og:type\" content=\"article\" \/>\n<meta property=\"og:title\" content=\"Nosaltres - DiselEnergy\" \/>\n<meta property=\"og:description\" content=\"Nosaltres EL NOSTRE ORIGEN DiselEnergy \u00e9s la soluci\u00f3 empresarial del Grup Diselmatic per a canalitzar la demanda de solucions d&#8217;energies [&hellip;]\" \/>\n<meta property=\"og:url\" content=\"https:\/\/diselenergy.com\/ca\/nosaltres\/\" \/>\n<meta property=\"og:site_name\" content=\"DiselEnergy\" \/>\n<meta property=\"article:modified_time\" content=\"2025-05-30T06:36:03+00:00\" \/>\n<meta property=\"og:image\" content=\"https:\/\/diselenergy.com\/wp-content\/uploads\/2024\/12\/Technician-Walking-in-Solar-Farm-at-Sunset-1024x585.png\" \/>\n\t<meta property=\"og:image:width\" content=\"1024\" \/>\n\t<meta property=\"og:image:height\" content=\"585\" \/>\n\t<meta property=\"og:image:type\" content=\"image\/png\" \/>\n<meta name=\"twitter:card\" content=\"summary_large_image\" \/>\n<meta name=\"twitter:label1\" content=\"Temps estimat de lectura\" \/>\n\t<meta name=\"twitter:data1\" content=\"1 minut\" \/>\n<script type=\"application\/ld+json\" class=\"yoast-schema-graph\">{\"@context\":\"https:\/\/schema.org\",\"@graph\":[{\"@type\":\"WebPage\",\"@id\":\"https:\/\/diselenergy.com\/ca\/nosaltres\/\",\"url\":\"https:\/\/diselenergy.com\/ca\/nosaltres\/\",\"name\":\"Nosaltres - DiselEnergy\",\"isPartOf\":{\"@id\":\"https:\/\/diselenergy.com\/ca\/#website\"},\"primaryImageOfPage\":{\"@id\":\"https:\/\/diselenergy.com\/ca\/nosaltres\/#primaryimage\"},\"image\":{\"@id\":\"https:\/\/diselenergy.com\/ca\/nosaltres\/#primaryimage\"},\"thumbnailUrl\":\"https:\/\/diselenergy.com\/wp-content\/uploads\/2024\/12\/Technician-Walking-in-Solar-Farm-at-Sunset-1024x585.png\",\"datePublished\":\"2024-06-20T07:29:56+00:00\",\"dateModified\":\"2025-05-30T06:36:03+00:00\",\"breadcrumb\":{\"@id\":\"https:\/\/diselenergy.com\/ca\/nosaltres\/#breadcrumb\"},\"inLanguage\":\"ca\",\"potentialAction\":[{\"@type\":\"ReadAction\",\"target\":[\"https:\/\/diselenergy.com\/ca\/nosaltres\/\"]}]},{\"@type\":\"ImageObject\",\"inLanguage\":\"ca\",\"@id\":\"https:\/\/diselenergy.com\/ca\/nosaltres\/#primaryimage\",\"url\":\"https:\/\/diselenergy.com\/wp-content\/uploads\/2024\/12\/Technician-Walking-in-Solar-Farm-at-Sunset-1024x585.png\",\"contentUrl\":\"https:\/\/diselenergy.com\/wp-content\/uploads\/2024\/12\/Technician-Walking-in-Solar-Farm-at-Sunset-1024x585.png\"},{\"@type\":\"BreadcrumbList\",\"@id\":\"https:\/\/diselenergy.com\/ca\/nosaltres\/#breadcrumb\",\"itemListElement\":[{\"@type\":\"ListItem\",\"position\":1,\"name\":\"Portada\",\"item\":\"https:\/\/diselenergy.com\/ca\/inici\/\"},{\"@type\":\"ListItem\",\"position\":2,\"name\":\"Nosaltres\"}]},{\"@type\":\"WebSite\",\"@id\":\"https:\/\/diselenergy.com\/ca\/#website\",\"url\":\"https:\/\/diselenergy.com\/ca\/\",\"name\":\"DiselEnergy\",\"description\":\"\",\"potentialAction\":[{\"@type\":\"SearchAction\",\"target\":{\"@type\":\"EntryPoint\",\"urlTemplate\":\"https:\/\/diselenergy.com\/ca\/?s={search_term_string}\"},\"query-input\":{\"@type\":\"PropertyValueSpecification\",\"valueRequired\":true,\"valueName\":\"search_term_string\"}}],\"inLanguage\":\"ca\"}]}<\/script>\n<!-- \/ Yoast SEO plugin. -->","yoast_head_json":{"title":"Nosaltres - DiselEnergy","robots":{"index":"index","follow":"follow","max-snippet":"max-snippet:-1","max-image-preview":"max-image-preview:large","max-video-preview":"max-video-preview:-1"},"canonical":"https:\/\/diselenergy.com\/ca\/nosaltres\/","og_locale":"ca_ES","og_type":"article","og_title":"Nosaltres - DiselEnergy","og_description":"Nosaltres EL NOSTRE ORIGEN DiselEnergy \u00e9s la soluci\u00f3 empresarial del Grup Diselmatic per a canalitzar la demanda de solucions d&#8217;energies [&hellip;]","og_url":"https:\/\/diselenergy.com\/ca\/nosaltres\/","og_site_name":"DiselEnergy","article_modified_time":"2025-05-30T06:36:03+00:00","og_image":[{"width":1024,"height":585,"url":"https:\/\/diselenergy.com\/wp-content\/uploads\/2024\/12\/Technician-Walking-in-Solar-Farm-at-Sunset-1024x585.png","type":"image\/png"}],"twitter_card":"summary_large_image","twitter_misc":{"Temps estimat de lectura":"1 minut"},"schema":{"@context":"https:\/\/schema.org","@graph":[{"@type":"WebPage","@id":"https:\/\/diselenergy.com\/ca\/nosaltres\/","url":"https:\/\/diselenergy.com\/ca\/nosaltres\/","name":"Nosaltres - DiselEnergy","isPartOf":{"@id":"https:\/\/diselenergy.com\/ca\/#website"},"primaryImageOfPage":{"@id":"https:\/\/diselenergy.com\/ca\/nosaltres\/#primaryimage"},"image":{"@id":"https:\/\/diselenergy.com\/ca\/nosaltres\/#primaryimage"},"thumbnailUrl":"https:\/\/diselenergy.com\/wp-content\/uploads\/2024\/12\/Technician-Walking-in-Solar-Farm-at-Sunset-1024x585.png","datePublished":"2024-06-20T07:29:56+00:00","dateModified":"2025-05-30T06:36:03+00:00","breadcrumb":{"@id":"https:\/\/diselenergy.com\/ca\/nosaltres\/#breadcrumb"},"inLanguage":"ca","potentialAction":[{"@type":"ReadAction","target":["https:\/\/diselenergy.com\/ca\/nosaltres\/"]}]},{"@type":"ImageObject","inLanguage":"ca","@id":"https:\/\/diselenergy.com\/ca\/nosaltres\/#primaryimage","url":"https:\/\/diselenergy.com\/wp-content\/uploads\/2024\/12\/Technician-Walking-in-Solar-Farm-at-Sunset-1024x585.png","contentUrl":"https:\/\/diselenergy.com\/wp-content\/uploads\/2024\/12\/Technician-Walking-in-Solar-Farm-at-Sunset-1024x585.png"},{"@type":"BreadcrumbList","@id":"https:\/\/diselenergy.com\/ca\/nosaltres\/#breadcrumb","itemListElement":[{"@type":"ListItem","position":1,"name":"Portada","item":"https:\/\/diselenergy.com\/ca\/inici\/"},{"@type":"ListItem","position":2,"name":"Nosaltres"}]},{"@type":"WebSite","@id":"https:\/\/diselenergy.com\/ca\/#website","url":"https:\/\/diselenergy.com\/ca\/","name":"DiselEnergy","description":"","potentialAction":[{"@type":"SearchAction","target":{"@type":"EntryPoint","urlTemplate":"https:\/\/diselenergy.com\/ca\/?s={search_term_string}"},"query-input":{"@type":"PropertyValueSpecification","valueRequired":true,"valueName":"search_term_string"}}],"inLanguage":"ca"}]}},"_links":{"self":[{"href":"https:\/\/diselenergy.com\/ca\/wp-json\/wp\/v2\/pages\/1970","targetHints":{"allow":["GET"]}}],"collection":[{"href":"https:\/\/diselenergy.com\/ca\/wp-json\/wp\/v2\/pages"}],"about":[{"href":"https:\/\/diselenergy.com\/ca\/wp-json\/wp\/v2\/types\/page"}],"author":[{"embeddable":true,"href":"https:\/\/diselenergy.com\/ca\/wp-json\/wp\/v2\/users\/1"}],"replies":[{"embeddable":true,"href":"https:\/\/diselenergy.com\/ca\/wp-json\/wp\/v2\/comments?post=1970"}],"version-history":[{"count":3,"href":"https:\/\/diselenergy.com\/ca\/wp-json\/wp\/v2\/pages\/1970\/revisions"}],"predecessor-version":[{"id":2323,"href":"https:\/\/diselenergy.com\/ca\/wp-json\/wp\/v2\/pages\/1970\/revisions\/2323"}],"wp:attachment":[{"href":"https:\/\/diselenergy.com\/ca\/wp-json\/wp\/v2\/media?parent=1970"}],"curies":[{"name":"wp","href":"https:\/\/api.w.org\/{rel}","templated":true}]}}